{"id":2,"date":"2025-05-30T17:53:21","date_gmt":"2025-05-30T15:53:21","guid":{"rendered":"https:\/\/uniksmed.dk\/?page_id=2"},"modified":"2026-04-15T21:46:14","modified_gmt":"2026-04-15T19:46:14","slug":"eksempel-side","status":"publish","type":"page","link":"https:\/\/uniksmed.dk\/","title":{"rendered":"UnikSmed.dk"},"content":{"rendered":"\n<p>Velkommen til mit lille sted i den store verden. Jeg er rustfri smed med erfaring fra g\u00f8rtler faget. Det vil sige at jeg arbejder i rustfri st\u00e5l men ogs\u00e5 i sort jern, aluminium, messing og Kobber. Jeg har lavet druekn\u00e6 til en gammel herreg\u00e5rd i kopper, jeg har restaureret gamle  lamper laver ringe og gamle flagermus lamper til film. <\/p>\n\n\n\n<blockquote class=\"wp-block-quote is-layout-flow wp-block-quote-is-layout-flow\">\n<p>Det skal v\u00e6re sjovt )<\/p>\n<\/blockquote>\n\n\n\n<p>&#8230;eller noget i denne stil:<\/p>\n\n\n\n<blockquote class=\"wp-block-quote is-layout-flow wp-block-quote-is-layout-flow\">\n<p>UnikSmed.dk er mit sted p\u00e5 nettet hvor du kan se et lille glimt af de ting som jeg har lavet.<\/p>\n<\/blockquote>\n\n\n\n<figure class=\"wp-block-pullquote\"><blockquote><p>Kontakt<\/p><cite>Mail  :  kontakt@uniksmed.dk<\/cite><\/blockquote><\/figure>\n","protected":false},"excerpt":{"rendered":"<p>Velkommen til mit lille sted i den store verden. Jeg er rustfri smed med erfaring fra g\u00f8rtler faget. Det vil<\/p>\n<p><a href=\"https:\/\/uniksmed.dk\/\" class=\"more-link\">L\u00e6s mere..<span class=\"screen-reader-text\">UnikSmed.dk<\/span><\/a><\/p>\n","protected":false},"author":1,"featured_media":0,"parent":0,"menu_order":0,"comment_status":"closed","ping_status":"open","template":"","meta":{"footnotes":""},"class_list":["post-2","page","type-page","status-publish","hentry"],"_links":{"self":[{"href":"https:\/\/uniksmed.dk\/index.php\/wp-json\/wp\/v2\/pages\/2","targetHints":{"allow":["GET"]}}],"collection":[{"href":"https:\/\/uniksmed.dk\/index.php\/wp-json\/wp\/v2\/pages"}],"about":[{"href":"https:\/\/uniksmed.dk\/index.php\/wp-json\/wp\/v2\/types\/page"}],"author":[{"embeddable":true,"href":"https:\/\/uniksmed.dk\/index.php\/wp-json\/wp\/v2\/users\/1"}],"replies":[{"embeddable":true,"href":"https:\/\/uniksmed.dk\/index.php\/wp-json\/wp\/v2\/comments?post=2"}],"version-history":[{"count":7,"href":"https:\/\/uniksmed.dk\/index.php\/wp-json\/wp\/v2\/pages\/2\/revisions"}],"predecessor-version":[{"id":128,"href":"https:\/\/uniksmed.dk\/index.php\/wp-json\/wp\/v2\/pages\/2\/revisions\/128"}],"wp:attachment":[{"href":"https:\/\/uniksmed.dk\/index.php\/wp-json\/wp\/v2\/media?parent=2"}],"curies":[{"name":"wp","href":"https:\/\/api.w.org\/{rel}","templated":true}]}}